{"id":83,"date":"2025-07-24T09:33:59","date_gmt":"2025-07-24T08:33:59","guid":{"rendered":"http:\/\/themes.muffingroup.com\/be\/hotel2\/?page_id=2"},"modified":"2025-08-02T10:11:17","modified_gmt":"2025-08-02T09:11:17","slug":"location-villas-provence-tourtour","status":"publish","type":"page","link":"https:\/\/www.terraemarebed.fr\/it\/","title":{"rendered":"Affitto Appartamento con terrazza a Siracusa in Sicilia"},"content":{"rendered":"<h3>A PROPOS DE L&rsquo;APPARTEMENT<\/h3>\n<p>Situ\u00e9 \u00e0 deux pas du centre historique de Syracuse, cet appartement lumineux de 3 chambres offre une vue imprenable sur le port. Une location parfaite pour les familles ou groupes jusqu\u2019\u00e0 6 personnes, il comprend une grande terrasse priv\u00e9e, 4 salles de bain, un salon confortable, une salle \u00e0 manger chaleureuse et une cuisine \u00e9quip\u00e9e.<img decoding=\"async\" src=\"https:\/\/www.terraemarebed.fr\/wp-content\/uploads\/2025\/07\/ROOM.png\" alt=\"\" \/><\/p>\n<h4>Tre camere<\/h4>\n<p>35m\u00b2\/25m\u00b2\/20m\u00b2<img decoding=\"async\" src=\"https:\/\/www.terraemarebed.fr\/wp-content\/uploads\/2025\/07\/SDB.png\" alt=\"\" \/><\/p>\n<h4>4 Bagni<\/h4>\n<p>docce\/bagno\/WC\/bidet<img decoding=\"async\" src=\"https:\/\/www.terraemarebed.fr\/wp-content\/uploads\/2025\/07\/terrasse.png\" alt=\"\" \/><\/p>\n<h4>Terrazza<\/h4>\n<p>panoramico di 80 m\u00b2<img decoding=\"async\" src=\"https:\/\/www.terraemarebed.fr\/wp-content\/uploads\/2025\/07\/CLIM.png\" alt=\"\" \/><\/p>\n<h4>Clim &amp; Wifi<\/h4>\n<p>connessione internet<br \/>\n<a href=\"http:\/\/accueil%20slider\"><img decoding=\"async\" src=\"https:\/\/www.terraemarebed.fr\/wp-content\/uploads\/2025\/08\/entree-syracuse-mini-slider.jpg\" alt=\"location appartement syracuse italie\" \/><\/a><a href=\"http:\/\/accueil%20slider\"><img decoding=\"async\" src=\"https:\/\/www.terraemarebed.fr\/wp-content\/uploads\/2025\/08\/terrasse-plante-syracuse.jpg\" alt=\"location appartement syracuse italie\" \/><\/a><br \/>\n<img decoding=\"async\" src=\"https:\/\/www.terraemarebed.fr\/wp-content\/uploads\/2025\/07\/Camera-Quadrupla-con-Balcone-17.jpg\" alt=\"Location appartement Syracuse\" \/><img decoding=\"async\" src=\"https:\/\/www.terraemarebed.fr\/wp-content\/uploads\/2025\/07\/Camera-Quadrupla-con-Balcone-16.jpg\" alt=\"Location appartement Syracuse\" \/><img decoding=\"async\" src=\"https:\/\/www.terraemarebed.fr\/wp-content\/uploads\/2025\/07\/Camera-Quadrupla-con-Balcone-13.jpg\" alt=\"Location appartement Syracuse\" \/><img decoding=\"async\" src=\"https:\/\/www.terraemarebed.fr\/wp-content\/uploads\/2025\/07\/Camera-Quadrupla-con-Balcone-2.jpg\" alt=\"Location appartement Syracuse\" \/><br \/>\nCamera quadrupla 35 m\u00b2 con balcone<img decoding=\"async\" src=\"https:\/\/www.terraemarebed.fr\/wp-content\/uploads\/2025\/07\/Camera-Matrimoniale-Standard-6.jpg\" alt=\"Location appartement Syracuse\" \/><img decoding=\"async\" src=\"https:\/\/www.terraemarebed.fr\/wp-content\/uploads\/2025\/07\/Camera-Matrimoniale-Standard-7.jpg\" alt=\"Location appartement Syracuse\" \/><img decoding=\"async\" src=\"https:\/\/www.terraemarebed.fr\/wp-content\/uploads\/2025\/07\/Camera-Matrimoniale-Standard-3.jpg\" alt=\"Location appartement Syracuse\" \/><img decoding=\"async\" src=\"https:\/\/www.terraemarebed.fr\/wp-content\/uploads\/2025\/07\/Camera-Singola-con-Bagno-2.jpg\" alt=\"Location appartement Syracuse\" \/><br \/>\nCamera doppia 25 m\u00b2<img decoding=\"async\" src=\"https:\/\/www.terraemarebed.fr\/wp-content\/uploads\/2025\/07\/2eme-chambre-double-25m\u00b2-1.jpg\" alt=\"Location appartement Syracuse\" \/><img decoding=\"async\" src=\"https:\/\/www.terraemarebed.fr\/wp-content\/uploads\/2025\/07\/2eme-chambre-double-25m\u00b2-2.jpg\" alt=\"Location appartement Syracuse\" \/><img decoding=\"async\" src=\"https:\/\/www.terraemarebed.fr\/wp-content\/uploads\/2025\/07\/2eme-chambre-double-25m\u00b2-3.jpg\" alt=\"Location appartement Syracuse\" \/><img decoding=\"async\" src=\"https:\/\/www.terraemarebed.fr\/wp-content\/uploads\/2025\/07\/2eme-chambre-double-25m\u00b2-4.jpg\" alt=\"Location appartement Syracuse\" \/><br \/>\ncamera doppia 20 m\u00b2<img decoding=\"async\" src=\"https:\/\/www.terraemarebed.fr\/wp-content\/uploads\/2025\/07\/salle-a-manger-entree.jpg\" alt=\"Location appartement Syracuse\" \/><img decoding=\"async\" src=\"https:\/\/www.terraemarebed.fr\/wp-content\/uploads\/2025\/07\/salon.jpg\" alt=\"Location appartement Syracuse\" \/><img decoding=\"async\" src=\"https:\/\/www.terraemarebed.fr\/wp-content\/uploads\/2025\/07\/cuisine.jpg\" alt=\"Location appartement Syracuse\" \/><img decoding=\"async\" src=\"https:\/\/www.terraemarebed.fr\/wp-content\/uploads\/2025\/07\/terrasse.jpg\" alt=\"Location appartement Syracuse\" \/><img decoding=\"async\" src=\"https:\/\/www.terraemarebed.fr\/wp-content\/uploads\/2025\/07\/terrasse-nuit.jpg\" alt=\"Location appartement Syracuse\" \/><img decoding=\"async\" src=\"https:\/\/www.terraemarebed.fr\/wp-content\/uploads\/2025\/07\/plan.jpg\" alt=\"Location appartement Syracuse\" \/><br \/>\nSoggiorno\/Sala da pranzo\/cucina\/terrazza<\/p>\n<h2>Posizione e attrazioni nelle vicinanze<\/h2>\n<p> 63kmCATANE AIRPORT<br \/>\n15kmPLAGE Fontane Bianche<br \/>\n4mnTemple d&rsquo;Apollon<br \/>\n3mnMarch\u00e9 local d&rsquo;Ortigia<br \/>\n&nbsp;<br \/>\nfunction mfn_google_maps_688dc894bc8c3() {var latlng = new google.maps.LatLng(37.0655672,15.2928226);var draggable = true;var InforObj = [];function closeOtherInfo() {if (InforObj.length &gt; 0) {InforObj[0].set(\u00ab\u00a0marker\u00a0\u00bb, null);InforObj[0].close();InforObj.length = 0;}};var myOptions = {zoom:7,center:latlng,mapTypeId:google.maps.MapTypeId.ROADMAP,draggable:draggable,zoomControl:true,mapTypeControl:false,streetViewControl:false,scrollwheel:false};var map = new google.maps.Map(document.getElementById(\u00ab\u00a0google-map-area-688dc894bc8c3&Prime;), myOptions);var marker = new google.maps.Marker({position:latlng,icon:\u00a0\u00bbhttps:\/\/www.terraemarebed.fr\/wp-content\/uploads\/2015\/11\/icon-localisation-dom.png\u00a0\u00bb,map:map});}mfn_google_maps_688dc894bc8c3();<\/p>\n<p>\t\t\t\t#sc_gallery-8941 {<br \/>\n\t\t\t\t\tmargin: auto;<br \/>\n\t\t\t\t}<br \/>\n\t\t\t\t#sc_gallery-8941 .gallery-item {<br \/>\n\t\t\t\t\tfloat: left;<br \/>\n\t\t\t\t\ttext-align: center;<br \/>\n\t\t\t\t\twidth: 24.99%;<br \/>\n\t\t\t\t}<br \/>\n\t\t\t\t#sc_gallery-8941 img {<br \/>\n\t\t\t\t\tborder: 2px solid #cfcfcf;<br \/>\n\t\t\t\t}<br \/>\n\t\t\t\t\/* see sc_gallery() in functions\/theme-shortcodes.php *\/<\/p>\n<p>\t\t\t\t\t<a href='https:\/\/www.terraemarebed.fr\/wp-content\/uploads\/2025\/07\/ortigia-syracuse-12.jpg'><img decoding=\"async\" src=\"https:\/\/www.terraemarebed.fr\/wp-content\/uploads\/2025\/07\/ortigia-syracuse-12.jpg\" alt=\"Location appartement Syracuse\" \/><\/a><\/p>\n<p>\t\t\t\t\t<a href='https:\/\/www.terraemarebed.fr\/wp-content\/uploads\/2025\/07\/ortigia-syracuse-11.jpg'><img decoding=\"async\" src=\"https:\/\/www.terraemarebed.fr\/wp-content\/uploads\/2025\/07\/ortigia-syracuse-11.jpg\" alt=\"Location appartement Syracuse\" \/><\/a><\/p>\n<p>\t\t\t\t\t<a href='https:\/\/www.terraemarebed.fr\/wp-content\/uploads\/2025\/07\/ortigia-syracuse-10.jpg'><img decoding=\"async\" src=\"https:\/\/www.terraemarebed.fr\/wp-content\/uploads\/2025\/07\/ortigia-syracuse-10.jpg\" alt=\"Location appartement Syracuse\" \/><\/a><\/p>\n<p>\t\t\t\t\t<a href='https:\/\/www.terraemarebed.fr\/wp-content\/uploads\/2025\/07\/ortigia-syracuse.jpg'><img decoding=\"async\" src=\"https:\/\/www.terraemarebed.fr\/wp-content\/uploads\/2025\/07\/ortigia-syracuse.jpg\" alt=\"Location appartement Syracuse\" \/><\/a><\/p>\n<p>\t\t\t\t\t<a href='https:\/\/www.terraemarebed.fr\/wp-content\/uploads\/2025\/07\/ortigia-syracuse-2.jpg'><img decoding=\"async\" src=\"https:\/\/www.terraemarebed.fr\/wp-content\/uploads\/2025\/07\/ortigia-syracuse-2.jpg\" alt=\"Location appartement Syracuse\" \/><\/a><\/p>\n<p>\t\t\t\t\t<a href='https:\/\/www.terraemarebed.fr\/wp-content\/uploads\/2025\/07\/ortigia-syracuse-4.jpg'><img decoding=\"async\" src=\"https:\/\/www.terraemarebed.fr\/wp-content\/uploads\/2025\/07\/ortigia-syracuse-4.jpg\" alt=\"Location appartement Syracuse\" \/><\/a><\/p>\n<p>\t\t\t\t\t<a href='https:\/\/www.terraemarebed.fr\/wp-content\/uploads\/2025\/07\/ortigia-syracuse3.jpg'><img decoding=\"async\" src=\"https:\/\/www.terraemarebed.fr\/wp-content\/uploads\/2025\/07\/ortigia-syracuse3.jpg\" alt=\"Location appartement Syracuse\" \/><\/a><\/p>\n<p>\t\t\t\t\t<a href='https:\/\/www.terraemarebed.fr\/wp-content\/uploads\/2025\/07\/ortigia-syracuse-8.jpg'><img decoding=\"async\" src=\"https:\/\/www.terraemarebed.fr\/wp-content\/uploads\/2025\/07\/ortigia-syracuse-8.jpg\" alt=\"Location appartement Syracuse\" \/><\/a><\/p>\n<p>\t\t\t\t\t<a href='https:\/\/www.terraemarebed.fr\/wp-content\/uploads\/2025\/07\/ortigia-syracuse-9.jpg'><img decoding=\"async\" src=\"https:\/\/www.terraemarebed.fr\/wp-content\/uploads\/2025\/07\/ortigia-syracuse-9.jpg\" alt=\"Location appartement Syracuse\" \/><\/a><\/p>\n<p>\t\t\t\t\t<a href='https:\/\/www.terraemarebed.fr\/wp-content\/uploads\/2025\/07\/ortigia-syracuse-6.jpg'><img decoding=\"async\" src=\"https:\/\/www.terraemarebed.fr\/wp-content\/uploads\/2025\/07\/ortigia-syracuse-6.jpg\" alt=\"Location appartement Syracuse\" \/><\/a><\/p>\n<p>\t\t\t\t\t<a href='https:\/\/www.terraemarebed.fr\/wp-content\/uploads\/2025\/08\/plage-st-lorenzo.png'><img decoding=\"async\" src=\"https:\/\/www.terraemarebed.fr\/wp-content\/uploads\/2025\/08\/plage-st-lorenzo.png\" alt=\"Location appartement Syracuse\" \/><\/a><\/p>\n<p>\t\t\t\t\t<a href='https:\/\/www.terraemarebed.fr\/wp-content\/uploads\/2025\/07\/ortigia-syracuse-5.jpg'><img decoding=\"async\" src=\"https:\/\/www.terraemarebed.fr\/wp-content\/uploads\/2025\/07\/ortigia-syracuse-5.jpg\" alt=\"Location appartement Syracuse\" \/><\/a><\/p>\n<p><a href=\"\" target=\"_blank\"><img decoding=\"async\" src=\"https:\/\/www.terraemarebed.fr\/wp-content\/uploads\/2015\/11\/home_hotel2_icon6.png\" alt=\"home_hotel2_icon6\" \/><\/p>\n<h4>Regolamento interno:<\/h4>\n<p>    <a href=\"https:\/\/www.terraemarebed.fr\/it\/\">da sabato a sabato<\/a><br \/>\n \u2022 Arrivo (Check-in:)  13:00<br \/>\n \u2022 Partenza (Check-out:) 12:00<br \/>\n \u2022 Bambini benvenuti<br \/>\n \u2022 animali ammessi <\/p>\n<p> <\/a><br \/>\n<img decoding=\"async\" src=\"https:\/\/www.terraemarebed.fr\/wp-content\/uploads\/2015\/11\/home_hotel2_icon1.png\" alt=\"home_hotel2_icon1\" \/><\/p>\n<h4>Interni <\/h4>\n<p> \u2022\tReception salle \u00e0 manger<br \/>\n \u2022\tSalon \/ cuisine<br \/>\n \u2022\t3 Chambres climatis\u00e9es <\/p>\n<p><a href=\"\" target=\"_blank\"><img decoding=\"async\" src=\"https:\/\/www.terraemarebed.fr\/wp-content\/uploads\/2015\/11\/home_hotel2_icon4.png\" alt=\"home_hotel2_icon4\" \/><\/p>\n<h4>Wi-Fi gratuito e altri servizi nelle camere<\/h4>\n<p>\u2022\tS\u00e8che-cheveux<br \/>\n\u2022\tWIFI<br \/>\n\u2022\tLinge de maison fourni<br \/>\n\u2022\tT\u00e9l\u00e9phone<br \/>\n\u2022\tServiettes de bain<br \/>\n\u2022      Climatisation r\u00e9versible<br \/>\n\u2022      Salle de bain\/douche<br \/>\n\u2022      T\u00e9l\u00e9vision \u00e0 LED 24&Prime;<br \/>\n\u2022\tParking proche<\/p>\n<p> <\/a><br \/>\n<a href=\"\" target=\"_blank\"><img decoding=\"async\" src=\"https:\/\/www.terraemarebed.fr\/wp-content\/uploads\/2015\/11\/home_hotel2_icon3.png\" alt=\"home_hotel2_icon3\" \/><\/p>\n<h4>Pulizie domestiche<\/h4>\n<p>\u2022\t Service de nettoyage quotidien<\/p>\n<p> <\/a><br \/>\n<a href=\"https:\/\/fr.wikipedia.org\/wiki\/Syracuse\" target=\"_blank\"><img decoding=\"async\" src=\"https:\/\/www.terraemarebed.fr\/wp-content\/uploads\/2015\/11\/home_hotel2_icon6.png\" alt=\"home_hotel2_icon6\" \/><\/p>\n<h4> \u00c0 d\u00e9couvrir autour de l&rsquo;appartement<\/h4>\n<h6> Ortigia (10 minuti a piedi): citt\u00e0 storica, vicoli barocchi, mercati<br \/>\n Teatro Greco (15 min en voiture) : th\u00e9\u00e2tre antique bien conserv\u00e9<br \/>\nSpiagge:<br \/>\nFontane Bianche (20 min)<br \/>\n Arenella (15 min)<br \/>\n Excursions possibles : Noto (ville baroque)  Etna<br \/>\n  R\u00e9serve naturelle de Vendicari <\/h6>\n<p> <\/a><br \/>\n<a href=\"https:\/\/generationvoyage.fr\/visiter-syracuse-faire-voir\/\" target=\"_blank\"><img decoding=\"async\" src=\"https:\/\/www.terraemarebed.fr\/wp-content\/uploads\/2015\/11\/home_hotel2_icon6.png\" alt=\"home_hotel2_icon6\" \/><\/p>\n<h4>Da non perdere:<\/h4>\n<h6>\n*  Th\u00e9\u00e2tre grec de Syracuse<br \/>\n  *  Oreille de Denys (grotte avec acoustique unique)<br \/>\n *  Parc arch\u00e9ologique de N\u00e9apolis<br \/>\n * Cath\u00e9drale baroque de Syracuse (Piazza Duomo)  * Ch\u00e2teau Maniace (fort m\u00e9di\u00e9val)<br \/>\n* Fontaine de Diane (Place Archim\u00e8de)  * Mus\u00e9es\u202f: Paolo Orsi (arch\u00e9ologie) *  Mus\u00e9e du Papyrus, galerie Bellomo (art) * March\u00e9 d\u2019Ortigia (produits locaux et artisanat) <\/h6>\n<p> <\/a><br \/>\n<a href=\" \" title=\"\"> <\/p>\n<h2> Prenotazioni-Informazioni-Contatti<\/h2>\n<p><\/a><\/p>\n<h3>Prenota ora<\/h3>\n<h3>\u00a0<\/h3>\n<p>\u00a0<\/p>\n<p>Periodo tariffario<br \/>\nda sabato a sabato<\/p>\n<p>Tarif\u00a0 semaine<\/p>\n<p>\u00a0<br \/>\n\u00a0<\/p>\n<p>\u00a0 Aout 202515 Aout &#8211; 31 aout<br \/>\n\u00a0<\/p>\n<p>Septembre 20251 septembre &#8211; 30 septembre<br \/>\n\u00a0<\/p>\n<p>Octobre 202501 octobre &#8211; 31 octobre\u00a0 <\/p>\n<h4>Coordonn\u00e9s :<\/h4>\n<p>Nom\/Name*  Adresse e-mail*T\u00e9l\u00e9phone\/phone*AdresseCode postalVillePays<\/p>\n<h4>Disponibilit\u00e9s :<\/h4>\n<p>Date d&rsquo;arriv\u00e9e\/check in*Date de d\u00e9part\/check out*Adultes\/adults123456789101112Enfant\/children123456789101112Charger fichierMessage\/NachrichtVeuillez saisir les caract\u00e8res*<img decoding=\"async\" src=\"image\/png;base64,iVBORw0KGgoAAAANSUhEUgAAAOYAAABQBAMAAAD\/1xTgAAAAG1BMVEX\/\/\/8iIiLj4+NZWVk9PT2QkJCsrKx0dHTHx8fd2Lv5AAAACXBIWXMAAA7EAAAOxAGVKw4bAAADHUlEQVRoge1Yz2+bMBQmJgSOey0pO8KSTj2O\/lB3jKdKy3HZqu4aUm3NsUxd1iNUq5o\/e\/5BgjEeUNQwTfJ3Ko7tD7\/3fc+PGoaGhoaGhoaGxk5x+KNrRvQFvK45YwDwu6UcEEr41C2nQznfdctpPC5j2OuY0zACOOic04T9ne399rN63ALYESO6U\/vw5nQFMN8NZx\/AVQxfUt3CbdtdR65fzanw\/ohRwqu2nGGlz9ByRkOIioOYc75uy4lrXjeFW5LU\/bkwZAJ4D0dh24prLeJyWtAbP3\/owSQiZxIzkLInU5npBogh\/OhLY08Y3PvtkwlDgFOAD+IiWoJIzU1acpbKCRfI8eaR+NCdG7\/FCoB5aNoKd1DKisMFso2lw7RCZDPfTsmcGcOkFScxg6S+MSG8EG8N\/meUD6AsqFFh6fX51do3GiGVXzakoTwUjBCyEPaFayQ7Z68QIhoeN\/l29VDPGUsVbMDVEsFwMzJjl7MtHCrLp00qbm5c2jnAPSU+NmqApTJjssAR4Ww5U8YwELSWXZ1k6i+8lRF6AvdiTYmHRjUcWUI9JtCeIOcey6QjbBXxRWmxFg3ojEeFEWTYsoRStqQv+NFkhUo8Z58l1JHqH2JvO4OFX8MZyBLiYnSwm2xGLMZmF04Eno9YAl2hEcOwIa5GJPs64rlC+csO2DZj8eVCyOAlwtIZUUIpbgqEcv2KSosQ6ypDUd8mZzxYFiamZF5Q3w2iUp3m+SR9ek6BwVteFmPG4ur5xaVUbGF9p22VhB3wze2CNQoFmMK5A3clb2bDXskGCvRLTSr3Z6GTjFSmQ0YJRNpmTdMbT2kk5fATTU5ZSc8XB3BzUjqUAgi8qPqDwqGplCufwTS5Wsfil4HZ9G4OXVw91SKcSNFgjTMbCD8kDTlndXXPIukeKVKeNVjThjwiSDGcVE4ge7ugSrmFFT6oxehsUxOrwIKYKH5wvp78fC6lQfuIBp8w1wDvn7v13+DQ5iho8Hl41OBObwhiMd\/Bu\/qCUYM44Dysva1fGNG\/+A9D+ILqaAr0fdE1pYaGhoaGhobG\/4M\/scRsJtY69VUAAAAASUVORK5CYII=\" alt=\"CAPTCHA image\" \/>Cela nous aide \u00e0 \u00e9viter les spams, merci.R\u00e9servez \/ Book \/ BuchThis field should be left blank<a href=\"https:\/\/www.terraemarebed.fr\/wp-admin\/admin.php?page=quform.forms&#038;sp=edit&#038;id=4\">Edit this form<\/a><\/p>","protected":false},"excerpt":{"rendered":"<p>A PROPOS DE L&rsquo;APPARTEMENT Situ\u00e9 \u00e0 deux pas du centre historique de Syracuse, cet appartement lumineux de 3 chambres offre une vue imprenable sur le port.<span class=\"excerpt-hellip\"> [\u2026]<\/span><\/p>","protected":false},"author":1,"featured_media":0,"parent":0,"menu_order":0,"comment_status":"open","ping_status":"open","template":"","meta":{"footnotes":""},"class_list":["post-83","page","type-page","status-publish","hentry"],"yoast_head":"<!-- This site is optimized with the Yoast SEO Premium plugin v21.9 (Yoast SEO v21.9.1) - https:\/\/yoast.com\/wordpress\/plugins\/seo\/ -->\n<title>Location Appartement \u00e0 Syracuse avec terrasse vue port<\/title>\n<meta name=\"description\" content=\"Location d&#039;un appartement spacieux \u00e0 Syracuse, Sicile, avec une terrasse panoramique vue sur le port Id\u00e9al pour vos vacances en famille\" \/>\n<meta name=\"robots\" content=\"index, follow, max-snippet:-1, max-image-preview:large, max-video-preview:-1\" \/>\n<link rel=\"canonical\" href=\"https:\/\/www.terraemarebed.fr\/it\/\" \/>\n<meta property=\"og:locale\" content=\"it_IT\" \/>\n<meta property=\"og:type\" content=\"article\" \/>\n<meta property=\"og:title\" content=\"Location grand appartement \u00e0 Syracuse avec terrasse panoramique\" \/>\n<meta property=\"og:description\" content=\"Location d&#039;un appartement spacieux \u00e0 Syracuse, Sicile, avec une terrasse panoramique vue sur le port Id\u00e9al pour vos vacances en famille pour 6 personnes\" \/>\n<meta property=\"og:url\" content=\"https:\/\/www.terraemarebed.fr\/it\/\" \/>\n<meta property=\"og:site_name\" content=\"TERRA E MARE bed\" \/>\n<meta property=\"article:modified_time\" content=\"2025-08-02T09:11:17+00:00\" \/>\n<meta property=\"og:image\" content=\"https:\/\/www.terraemarebed.fr\/wp-content\/uploads\/2025\/08\/terrasse-plante-syracuse.jpg\" \/>\n\t<meta property=\"og:image:width\" content=\"1080\" \/>\n\t<meta property=\"og:image:height\" content=\"812\" \/>\n\t<meta property=\"og:image:type\" content=\"image\/jpeg\" \/>\n<meta name=\"twitter:card\" content=\"summary_large_image\" \/>\n<meta name=\"twitter:title\" content=\"Location Appartement avec terrasse \u00e0 Syracuse en Sicile\" \/>\n<meta name=\"twitter:label1\" content=\"Est. reading time\" \/>\n\t<meta name=\"twitter:data1\" content=\"11 minuti\" \/>\n<script type=\"application\/ld+json\" class=\"yoast-schema-graph\">{\"@context\":\"https:\/\/schema.org\",\"@graph\":[{\"@type\":\"WebPage\",\"@id\":\"https:\/\/www.terraemarebed.fr\/\",\"url\":\"https:\/\/www.terraemarebed.fr\/\",\"name\":\"Location Appartement \u00e0 Syracuse avec terrasse vue port\",\"isPartOf\":{\"@id\":\"https:\/\/www.terraemarebed.fr\/#website\"},\"datePublished\":\"2025-07-24T08:33:59+00:00\",\"dateModified\":\"2025-08-02T09:11:17+00:00\",\"description\":\"Location d'un appartement spacieux \u00e0 Syracuse, Sicile, avec une terrasse panoramique vue sur le port Id\u00e9al pour vos vacances en famille\",\"breadcrumb\":{\"@id\":\"https:\/\/www.terraemarebed.fr\/#breadcrumb\"},\"inLanguage\":\"it-IT\",\"potentialAction\":[{\"@type\":\"ReadAction\",\"target\":[\"https:\/\/www.terraemarebed.fr\/\"]}]},{\"@type\":\"BreadcrumbList\",\"@id\":\"https:\/\/www.terraemarebed.fr\/#breadcrumb\",\"itemListElement\":[{\"@type\":\"ListItem\",\"position\":1,\"name\":\"Accueil\",\"item\":\"https:\/\/www.terraemarebed.fr\/\"},{\"@type\":\"ListItem\",\"position\":2,\"name\":\"Location Appartement avec terrasse \u00e0 Syracuse en Sicile\"}]},{\"@type\":\"WebSite\",\"@id\":\"https:\/\/www.terraemarebed.fr\/#website\",\"url\":\"https:\/\/www.terraemarebed.fr\/\",\"name\":\"Location grand appartement avec terrasse panoramique \u00e0 Syracuse Sicile\",\"description\":\"Location appartement Syracuse Sicile\",\"publisher\":{\"@id\":\"https:\/\/www.terraemarebed.fr\/#\/schema\/person\/21fa11d4eb153ce220cb5871018a1a95\"},\"potentialAction\":[{\"@type\":\"SearchAction\",\"target\":{\"@type\":\"EntryPoint\",\"urlTemplate\":\"https:\/\/www.terraemarebed.fr\/?s={search_term_string}\"},\"query-input\":\"required name=search_term_string\"}],\"inLanguage\":\"it-IT\"},{\"@type\":[\"Person\",\"Organization\"],\"@id\":\"https:\/\/www.terraemarebed.fr\/#\/schema\/person\/21fa11d4eb153ce220cb5871018a1a95\",\"name\":\"TERRA E MARE bed\",\"image\":{\"@type\":\"ImageObject\",\"inLanguage\":\"it-IT\",\"@id\":\"https:\/\/www.terraemarebed.fr\/#\/schema\/person\/image\/\",\"url\":\"https:\/\/www.terraemarebed.fr\/wp-content\/uploads\/2025\/07\/terra-e-mare-bed-125x125-1.png\",\"contentUrl\":\"https:\/\/www.terraemarebed.fr\/wp-content\/uploads\/2025\/07\/terra-e-mare-bed-125x125-1.png\",\"width\":125,\"height\":125,\"caption\":\"TERRA E MARE bed\"},\"logo\":{\"@id\":\"https:\/\/www.terraemarebed.fr\/#\/schema\/person\/image\/\"}}]}<\/script>\n<!-- \/ Yoast SEO Premium plugin. -->","yoast_head_json":{"title":"Location Appartement \u00e0 Syracuse avec terrasse vue port","description":"Location d'un appartement spacieux \u00e0 Syracuse, Sicile, avec une terrasse panoramique vue sur le port Id\u00e9al pour vos vacances en famille","robots":{"index":"index","follow":"follow","max-snippet":"max-snippet:-1","max-image-preview":"max-image-preview:large","max-video-preview":"max-video-preview:-1"},"canonical":"https:\/\/www.terraemarebed.fr\/it\/","og_locale":"it_IT","og_type":"article","og_title":"Location grand appartement \u00e0 Syracuse avec terrasse panoramique","og_description":"Location d'un appartement spacieux \u00e0 Syracuse, Sicile, avec une terrasse panoramique vue sur le port Id\u00e9al pour vos vacances en famille pour 6 personnes","og_url":"https:\/\/www.terraemarebed.fr\/it\/","og_site_name":"TERRA E MARE bed","article_modified_time":"2025-08-02T09:11:17+00:00","og_image":[{"width":1080,"height":812,"url":"https:\/\/www.terraemarebed.fr\/wp-content\/uploads\/2025\/08\/terrasse-plante-syracuse.jpg","type":"image\/jpeg"}],"twitter_card":"summary_large_image","twitter_title":"Location Appartement avec terrasse \u00e0 Syracuse en Sicile","twitter_misc":{"Est. reading time":"11 minuti"},"schema":{"@context":"https:\/\/schema.org","@graph":[{"@type":"WebPage","@id":"https:\/\/www.terraemarebed.fr\/","url":"https:\/\/www.terraemarebed.fr\/","name":"Location Appartement \u00e0 Syracuse avec terrasse vue port","isPartOf":{"@id":"https:\/\/www.terraemarebed.fr\/#website"},"datePublished":"2025-07-24T08:33:59+00:00","dateModified":"2025-08-02T09:11:17+00:00","description":"Location d'un appartement spacieux \u00e0 Syracuse, Sicile, avec une terrasse panoramique vue sur le port Id\u00e9al pour vos vacances en famille","breadcrumb":{"@id":"https:\/\/www.terraemarebed.fr\/#breadcrumb"},"inLanguage":"it-IT","potentialAction":[{"@type":"ReadAction","target":["https:\/\/www.terraemarebed.fr\/"]}]},{"@type":"BreadcrumbList","@id":"https:\/\/www.terraemarebed.fr\/#breadcrumb","itemListElement":[{"@type":"ListItem","position":1,"name":"Accueil","item":"https:\/\/www.terraemarebed.fr\/"},{"@type":"ListItem","position":2,"name":"Location Appartement avec terrasse \u00e0 Syracuse en Sicile"}]},{"@type":"WebSite","@id":"https:\/\/www.terraemarebed.fr\/#website","url":"https:\/\/www.terraemarebed.fr\/","name":"Location grand appartement avec terrasse panoramique \u00e0 Syracuse Sicile","description":"Location appartement Syracuse Sicile","publisher":{"@id":"https:\/\/www.terraemarebed.fr\/#\/schema\/person\/21fa11d4eb153ce220cb5871018a1a95"},"potentialAction":[{"@type":"SearchAction","target":{"@type":"EntryPoint","urlTemplate":"https:\/\/www.terraemarebed.fr\/?s={search_term_string}"},"query-input":"required name=search_term_string"}],"inLanguage":"it-IT"},{"@type":["Person","Organization"],"@id":"https:\/\/www.terraemarebed.fr\/#\/schema\/person\/21fa11d4eb153ce220cb5871018a1a95","name":"TERRA E MARE bed","image":{"@type":"ImageObject","inLanguage":"it-IT","@id":"https:\/\/www.terraemarebed.fr\/#\/schema\/person\/image\/","url":"https:\/\/www.terraemarebed.fr\/wp-content\/uploads\/2025\/07\/terra-e-mare-bed-125x125-1.png","contentUrl":"https:\/\/www.terraemarebed.fr\/wp-content\/uploads\/2025\/07\/terra-e-mare-bed-125x125-1.png","width":125,"height":125,"caption":"TERRA E MARE bed"},"logo":{"@id":"https:\/\/www.terraemarebed.fr\/#\/schema\/person\/image\/"}}]}},"_links":{"self":[{"href":"https:\/\/www.terraemarebed.fr\/it\/wp-json\/wp\/v2\/pages\/83","targetHints":{"allow":["GET"]}}],"collection":[{"href":"https:\/\/www.terraemarebed.fr\/it\/wp-json\/wp\/v2\/pages"}],"about":[{"href":"https:\/\/www.terraemarebed.fr\/it\/wp-json\/wp\/v2\/types\/page"}],"author":[{"embeddable":true,"href":"https:\/\/www.terraemarebed.fr\/it\/wp-json\/wp\/v2\/users\/1"}],"replies":[{"embeddable":true,"href":"https:\/\/www.terraemarebed.fr\/it\/wp-json\/wp\/v2\/comments?post=83"}],"version-history":[{"count":35,"href":"https:\/\/www.terraemarebed.fr\/it\/wp-json\/wp\/v2\/pages\/83\/revisions"}],"predecessor-version":[{"id":954,"href":"https:\/\/www.terraemarebed.fr\/it\/wp-json\/wp\/v2\/pages\/83\/revisions\/954"}],"wp:attachment":[{"href":"https:\/\/www.terraemarebed.fr\/it\/wp-json\/wp\/v2\/media?parent=83"}],"curies":[{"name":"wp","href":"https:\/\/api.w.org\/{rel}","templated":true}]}}